{"id":954,"date":"2024-12-12T17:21:03","date_gmt":"2024-12-12T16:21:03","guid":{"rendered":"https:\/\/imminence-rh.com\/?page_id=954"},"modified":"2024-12-12T17:31:26","modified_gmt":"2024-12-12T16:31:26","slug":"elementor-954","status":"publish","type":"page","link":"http:\/\/imminence-rh.com\/?page_id=954","title":{"rendered":"Nos avantages"},"content":{"rendered":"\t\t<div data-elementor-type=\"wp-page\" data-elementor-id=\"954\" class=\"elementor elementor-954\">\n\t\t\t\t\t\t\t<div class=\"elementor-element elementor-element-1426348 e-flex e-con-boxed e-con e-parent\" data-id=\"1426348\" data-element_type=\"container\" data-settings=\"{&quot;content_width&quot;:&quot;boxed&quot;}\" data-core-v316-plus=\"true\">\n\t\t\t\t\t<div class=\"e-con-inner\">\n\t\t\t\t<div class=\"elementor-element elementor-element-e640f64 elementor-widget elementor-widget-heading\" data-id=\"e640f64\" data-element_type=\"widget\" data-widget_type=\"heading.default\">\n\t\t\t\t<div class=\"elementor-widget-container\">\n\t\t\t<style>\/*! elementor - v3.16.0 - 12-09-2023 *\/\n.elementor-heading-title{padding:0;margin:0;line-height:1}.elementor-widget-heading .elementor-heading-title[class*=elementor-size-]>a{color:inherit;font-size:inherit;line-height:inherit}.elementor-widget-heading .elementor-heading-title.elementor-size-small{font-size:15px}.elementor-widget-heading .elementor-heading-title.elementor-size-medium{font-size:19px}.elementor-widget-heading .elementor-heading-title.elementor-size-large{font-size:29px}.elementor-widget-heading .elementor-heading-title.elementor-size-xl{font-size:39px}.elementor-widget-heading .elementor-heading-title.elementor-size-xxl{font-size:59px}<\/style><h2 class=\"elementor-heading-title elementor-size-default\"><span style=\"font-family: Mulish, sans-serif; font-size: 62px; letter-spacing: 1px; text-align: center; text-transform: uppercase;\">Les avantages de<\/span><br style=\"font-family: Mulish, sans-serif; font-size: 62px; letter-spacing: 1px; text-align: center; text-transform: uppercase;\"><span style=\"font-family: Mulish, sans-serif; font-size: 62px; letter-spacing: 1px; text-align: center; text-transform: uppercase;\"> collaborer avec nous <\/span><span style=\"font-family: Mulish, sans-serif; font-size: 62px; letter-spacing: 1px; text-align: center; text-transform: uppercase;\"><\/span><\/h2>\t\t<\/div>\n\t\t\t\t<\/div>\n\t\t\t\t\t<\/div>\n\t\t\t\t<\/div>\n\t\t<div class=\"elementor-element elementor-element-48eaf6f e-flex e-con-boxed e-con e-parent\" data-id=\"48eaf6f\" data-element_type=\"container\" data-settings=\"{&quot;content_width&quot;:&quot;boxed&quot;}\" data-core-v316-plus=\"true\">\n\t\t\t\t\t<div class=\"e-con-inner\">\n\t\t<div class=\"elementor-element elementor-element-49c24dc e-con-full e-flex e-con e-child\" data-id=\"49c24dc\" data-element_type=\"container\" data-settings=\"{&quot;content_width&quot;:&quot;full&quot;}\">\n\t\t\t\t<div class=\"elementor-element elementor-element-de3c90b elementor-widget elementor-widget-image\" data-id=\"de3c90b\" data-element_type=\"widget\" data-widget_type=\"image.default\">\n\t\t\t\t<div class=\"elementor-widget-container\">\n\t\t\t<style>\/*! elementor - v3.16.0 - 12-09-2023 *\/\n.elementor-widget-image{text-align:center}.elementor-widget-image a{display:inline-block}.elementor-widget-image a img[src$=\".svg\"]{width:48px}.elementor-widget-image img{vertical-align:middle;display:inline-block}<\/style>\t\t\t\t\t\t\t\t\t\t\t\t<img loading=\"lazy\" decoding=\"async\" width=\"150\" height=\"133\" src=\"http:\/\/imminence-rh.com\/wp-content\/uploads\/2024\/12\/Capture-1.jpg\" class=\"attachment-large size-large wp-image-957\" alt=\"\" \/>\t\t\t\t\t\t\t\t\t\t\t\t\t\t\t<\/div>\n\t\t\t\t<\/div>\n\t\t\t\t<\/div>\n\t\t<div class=\"elementor-element elementor-element-dd4161b e-con-full e-flex e-con e-child\" data-id=\"dd4161b\" data-element_type=\"container\" data-settings=\"{&quot;content_width&quot;:&quot;full&quot;}\">\n\t\t\t\t<div class=\"elementor-element elementor-element-df0c527 elementor-widget elementor-widget-image\" data-id=\"df0c527\" data-element_type=\"widget\" data-widget_type=\"image.default\">\n\t\t\t\t<div class=\"elementor-widget-container\">\n\t\t\t\t\t\t\t\t\t\t\t\t\t\t\t<img loading=\"lazy\" decoding=\"async\" width=\"145\" height=\"135\" src=\"http:\/\/imminence-rh.com\/wp-content\/uploads\/2024\/12\/Capture-2.jpg\" class=\"attachment-large size-large wp-image-958\" alt=\"\" \/>\t\t\t\t\t\t\t\t\t\t\t\t\t\t\t<\/div>\n\t\t\t\t<\/div>\n\t\t\t\t<\/div>\n\t\t<div class=\"elementor-element elementor-element-8a0a8a3 e-con-full e-flex e-con e-child\" data-id=\"8a0a8a3\" data-element_type=\"container\" data-settings=\"{&quot;content_width&quot;:&quot;full&quot;}\">\n\t\t\t\t<div class=\"elementor-element elementor-element-34a75e7 elementor-widget elementor-widget-image\" data-id=\"34a75e7\" data-element_type=\"widget\" data-widget_type=\"image.default\">\n\t\t\t\t<div class=\"elementor-widget-container\">\n\t\t\t\t\t\t\t\t\t\t\t\t\t\t\t<img loading=\"lazy\" decoding=\"async\" width=\"159\" height=\"137\" src=\"http:\/\/imminence-rh.com\/wp-content\/uploads\/2024\/12\/Capture-3.jpg\" class=\"attachment-large size-large wp-image-959\" alt=\"\" \/>\t\t\t\t\t\t\t\t\t\t\t\t\t\t\t<\/div>\n\t\t\t\t<\/div>\n\t\t\t\t<\/div>\n\t\t<div class=\"elementor-element elementor-element-be2867d e-con-full e-flex e-con e-child\" data-id=\"be2867d\" data-element_type=\"container\" data-settings=\"{&quot;content_width&quot;:&quot;full&quot;}\">\n\t\t\t\t<div class=\"elementor-element elementor-element-392e954 elementor-widget elementor-widget-toggle\" data-id=\"392e954\" data-element_type=\"widget\" data-widget_type=\"toggle.default\">\n\t\t\t\t<div class=\"elementor-widget-container\">\n\t\t\t<style>\/*! elementor - v3.16.0 - 12-09-2023 *\/\n.elementor-toggle{text-align:left}.elementor-toggle .elementor-tab-title{font-weight:700;line-height:1;margin:0;padding:15px;border-bottom:1px solid #d5d8dc;cursor:pointer;outline:none}.elementor-toggle .elementor-tab-title .elementor-toggle-icon{display:inline-block;width:1em}.elementor-toggle .elementor-tab-title .elementor-toggle-icon svg{margin-inline-start:-5px;width:1em;height:1em}.elementor-toggle .elementor-tab-title .elementor-toggle-icon.elementor-toggle-icon-right{float:right;text-align:right}.elementor-toggle .elementor-tab-title .elementor-toggle-icon.elementor-toggle-icon-left{float:left;text-align:left}.elementor-toggle .elementor-tab-title .elementor-toggle-icon .elementor-toggle-icon-closed{display:block}.elementor-toggle .elementor-tab-title .elementor-toggle-icon .elementor-toggle-icon-opened{display:none}.elementor-toggle .elementor-tab-title.elementor-active{border-bottom:none}.elementor-toggle .elementor-tab-title.elementor-active .elementor-toggle-icon-closed{display:none}.elementor-toggle .elementor-tab-title.elementor-active .elementor-toggle-icon-opened{display:block}.elementor-toggle .elementor-tab-content{padding:15px;border-bottom:1px solid #d5d8dc;display:none}@media (max-width:767px){.elementor-toggle .elementor-tab-title{padding:12px}.elementor-toggle .elementor-tab-content{padding:12px 10px}}.e-con-inner>.elementor-widget-toggle,.e-con>.elementor-widget-toggle{width:var(--container-widget-width);--flex-grow:var(--container-widget-flex-grow)}<\/style>\t\t<div class=\"elementor-toggle\">\n\t\t\t\t\t\t\t<div class=\"elementor-toggle-item\">\n\t\t\t\t\t<div id=\"elementor-tab-title-5991\" class=\"elementor-tab-title\" data-tab=\"1\" role=\"button\" aria-controls=\"elementor-tab-content-5991\" aria-expanded=\"false\">\n\t\t\t\t\t\t\t\t\t\t\t\t<span class=\"elementor-toggle-icon elementor-toggle-icon-left\" aria-hidden=\"true\">\n\t\t\t\t\t\t\t\t\t\t\t\t\t\t\t<span class=\"elementor-toggle-icon-closed\"><i class=\"fas fa-caret-right\"><\/i><\/span>\n\t\t\t\t\t\t\t\t<span class=\"elementor-toggle-icon-opened\"><i class=\"elementor-toggle-icon-opened fas fa-caret-up\"><\/i><\/span>\n\t\t\t\t\t\t\t\t\t\t\t\t\t<\/span>\n\t\t\t\t\t\t\t\t\t\t\t\t<a class=\"elementor-toggle-title\" tabindex=\"0\">Expertise sectorielle<\/a>\n\t\t\t\t\t<\/div>\n\n\t\t\t\t\t<div id=\"elementor-tab-content-5991\" class=\"elementor-tab-content elementor-clearfix\" data-tab=\"1\" role=\"region\" aria-labelledby=\"elementor-tab-title-5991\"><p><span style=\"color: rgb(25, 35, 47); font-family: Calibri; font-size: 21.3333px; text-align: justify;\">Un cabinet de recrutement qui poss\u00e8de une expertise approfondie dans un secteur sp\u00e9cifique peut avoir un avantage concurrentiel. Une connaissance approfondie du secteur permet de comprendre les besoins sp\u00e9cifiques des entreprises clientes et de s\u00e9lectionner les meilleurs candidats qui correspondent aux exigences du poste. Cette expertise sectorielle peut \u00e9galement faciliter la<\/span><br style=\"color: rgb(25, 35, 47); font-family: Calibri; font-size: 21.3333px; text-align: justify;\"><span style=\"color: rgb(25, 35, 47); font-family: Calibri; font-size: 21.3333px; text-align: justify;\">compr\u00e9hension des tendances, des comp\u00e9tences recherch\u00e9es et des d\u00e9fis<\/span><br style=\"color: rgb(25, 35, 47); font-family: Calibri; font-size: 21.3333px; text-align: justify;\"><span style=\"color: rgb(25, 35, 47); font-family: Calibri; font-size: 21.3333px; text-align: justify;\">particuliers auxquels le secteur est confront\u00e9.<\/span><\/p><\/div>\n\t\t\t\t<\/div>\n\t\t\t\t\t\t\t\t<\/div>\n\t\t\t\t<\/div>\n\t\t\t\t<\/div>\n\t\t\t\t<\/div>\n\t\t<div class=\"elementor-element elementor-element-73fb848 e-con-full e-flex e-con e-child\" data-id=\"73fb848\" data-element_type=\"container\" data-settings=\"{&quot;content_width&quot;:&quot;full&quot;}\">\n\t\t\t\t<div class=\"elementor-element elementor-element-571f8cb elementor-widget elementor-widget-toggle\" data-id=\"571f8cb\" data-element_type=\"widget\" data-widget_type=\"toggle.default\">\n\t\t\t\t<div class=\"elementor-widget-container\">\n\t\t\t\t\t<div class=\"elementor-toggle\">\n\t\t\t\t\t\t\t<div class=\"elementor-toggle-item\">\n\t\t\t\t\t<div id=\"elementor-tab-title-9131\" class=\"elementor-tab-title\" data-tab=\"1\" role=\"button\" aria-controls=\"elementor-tab-content-9131\" aria-expanded=\"false\">\n\t\t\t\t\t\t\t\t\t\t\t\t<span class=\"elementor-toggle-icon elementor-toggle-icon-left\" aria-hidden=\"true\">\n\t\t\t\t\t\t\t\t\t\t\t\t\t\t\t<span class=\"elementor-toggle-icon-closed\"><i class=\"fas fa-caret-right\"><\/i><\/span>\n\t\t\t\t\t\t\t\t<span class=\"elementor-toggle-icon-opened\"><i class=\"elementor-toggle-icon-opened fas fa-caret-up\"><\/i><\/span>\n\t\t\t\t\t\t\t\t\t\t\t\t\t<\/span>\n\t\t\t\t\t\t\t\t\t\t\t\t<a class=\"elementor-toggle-title\" tabindex=\"0\">R\u00e9seau \u00e9tendu <\/a>\n\t\t\t\t\t<\/div>\n\n\t\t\t\t\t<div id=\"elementor-tab-content-9131\" class=\"elementor-tab-content elementor-clearfix\" data-tab=\"1\" role=\"region\" aria-labelledby=\"elementor-tab-title-9131\"><p><span style=\"color: rgb(25, 35, 47); font-family: Calibri; font-size: 21.3333px;\">Un cabinet de recrutement qui dispose d&rsquo;un r\u00e9seau \u00e9tendu de contacts professionnels, de relations et de candidats potentiels peut \u00eatre en mesure de trouver plus facilement des candidats qualifi\u00e9s pour les postes \u00e0 pourvoir. Un r\u00e9seau solide permet d&rsquo;acc\u00e9der \u00e0 des talents passifs et cach\u00e9s qui ne sont peut-\u00eatre pas visibles sur les plateformes de recrutement traditionnelles. Un r\u00e9seau \u00e9tendu peut \u00e9galement faciliter la mise en relation avec des entreprises clientes \u00e0 la recherche de talents sp\u00e9cifiques.<\/span><\/p><\/div>\n\t\t\t\t<\/div>\n\t\t\t\t\t\t\t\t<\/div>\n\t\t\t\t<\/div>\n\t\t\t\t<\/div>\n\t\t\t\t<\/div>\n\t\t<div class=\"elementor-element elementor-element-1f46cba e-con-full e-flex e-con e-child\" data-id=\"1f46cba\" data-element_type=\"container\" data-settings=\"{&quot;content_width&quot;:&quot;full&quot;}\">\n\t\t\t\t<div class=\"elementor-element elementor-element-d39fa6f elementor-widget elementor-widget-toggle\" data-id=\"d39fa6f\" data-element_type=\"widget\" data-widget_type=\"toggle.default\">\n\t\t\t\t<div class=\"elementor-widget-container\">\n\t\t\t\t\t<div class=\"elementor-toggle\">\n\t\t\t\t\t\t\t<div class=\"elementor-toggle-item\">\n\t\t\t\t\t<div id=\"elementor-tab-title-2211\" class=\"elementor-tab-title\" data-tab=\"1\" role=\"button\" aria-controls=\"elementor-tab-content-2211\" aria-expanded=\"false\">\n\t\t\t\t\t\t\t\t\t\t\t\t<span class=\"elementor-toggle-icon elementor-toggle-icon-left\" aria-hidden=\"true\">\n\t\t\t\t\t\t\t\t\t\t\t\t\t\t\t<span class=\"elementor-toggle-icon-closed\"><i class=\"fas fa-caret-right\"><\/i><\/span>\n\t\t\t\t\t\t\t\t<span class=\"elementor-toggle-icon-opened\"><i class=\"elementor-toggle-icon-opened fas fa-caret-up\"><\/i><\/span>\n\t\t\t\t\t\t\t\t\t\t\t\t\t<\/span>\n\t\t\t\t\t\t\t\t\t\t\t\t<a class=\"elementor-toggle-title\" tabindex=\"0\">M\u00e9thodologie de recrutement \u00e9prouv\u00e9e <\/a>\n\t\t\t\t\t<\/div>\n\n\t\t\t\t\t<div id=\"elementor-tab-content-2211\" class=\"elementor-tab-content elementor-clearfix\" data-tab=\"1\" role=\"region\" aria-labelledby=\"elementor-tab-title-2211\"><p><span style=\"font-size: 16pt; font-family: Calibri; color: rgb(25, 35, 47);\">Un&nbsp;cabinet de recrutement qui utilise une m\u00e9thodologie de recrutement \u00e9prouv\u00e9e&nbsp;peut se distinguer de ses concurrents. Une approche structur\u00e9e et efficace,&nbsp;comprenant des processus de s\u00e9lection rigoureux, des outils d&rsquo;\u00e9valuation&nbsp;appropri\u00e9s et des techniques de&nbsp;<\/span><span style=\"font-size: 16pt; font-family: Calibri; color: rgb(25, 35, 47);\">sourcing&nbsp;<\/span><span style=\"font-size: 16pt; font-family: Calibri; color: rgb(25, 35, 47);\">avanc\u00e9es, peut permettre d&rsquo;identifier les candidats les mieux adapt\u00e9s pour les&nbsp;postes \u00e0 pourvoir. Une m\u00e9thodologie solide peut inspirer confiance aux&nbsp;entreprises clientes et offrir des r\u00e9sultats coh\u00e9rents et de qualit\u00e9<\/span>.<\/p><\/div>\n\t\t\t\t<\/div>\n\t\t\t\t\t\t\t\t<\/div>\n\t\t\t\t<\/div>\n\t\t\t\t<\/div>\n\t\t\t\t<\/div>\n\t\t\t\t\t<\/div>\n\t\t\t\t<\/div>\n\t\t<div class=\"elementor-element elementor-element-3c67d8d e-flex e-con-boxed e-con e-parent\" data-id=\"3c67d8d\" data-element_type=\"container\" data-settings=\"{&quot;content_width&quot;:&quot;boxed&quot;}\" data-core-v316-plus=\"true\">\n\t\t\t\t\t<div class=\"e-con-inner\">\n\t\t<div class=\"elementor-element elementor-element-ce95f80 e-con-full e-flex e-con e-child\" data-id=\"ce95f80\" data-element_type=\"container\" data-settings=\"{&quot;content_width&quot;:&quot;full&quot;}\">\n\t\t\t\t<div class=\"elementor-element elementor-element-f4b9c0c elementor-widget elementor-widget-image\" data-id=\"f4b9c0c\" data-element_type=\"widget\" data-widget_type=\"image.default\">\n\t\t\t\t<div class=\"elementor-widget-container\">\n\t\t\t\t\t\t\t\t\t\t\t\t\t\t\t<img loading=\"lazy\" decoding=\"async\" width=\"152\" height=\"127\" src=\"http:\/\/imminence-rh.com\/wp-content\/uploads\/2024\/12\/Capture-4.jpg\" class=\"attachment-large size-large wp-image-960\" alt=\"\" \/>\t\t\t\t\t\t\t\t\t\t\t\t\t\t\t<\/div>\n\t\t\t\t<\/div>\n\t\t\t\t<\/div>\n\t\t<div class=\"elementor-element elementor-element-806c4ee e-con-full e-flex e-con e-child\" data-id=\"806c4ee\" data-element_type=\"container\" data-settings=\"{&quot;content_width&quot;:&quot;full&quot;}\">\n\t\t\t\t<div class=\"elementor-element elementor-element-225013f elementor-widget elementor-widget-image\" data-id=\"225013f\" data-element_type=\"widget\" data-widget_type=\"image.default\">\n\t\t\t\t<div class=\"elementor-widget-container\">\n\t\t\t\t\t\t\t\t\t\t\t\t\t\t\t<img loading=\"lazy\" decoding=\"async\" width=\"148\" height=\"130\" src=\"http:\/\/imminence-rh.com\/wp-content\/uploads\/2024\/12\/Capture-5.jpg\" class=\"attachment-large size-large wp-image-961\" alt=\"\" \/>\t\t\t\t\t\t\t\t\t\t\t\t\t\t\t<\/div>\n\t\t\t\t<\/div>\n\t\t\t\t<\/div>\n\t\t<div class=\"elementor-element elementor-element-34c21af e-con-full e-flex e-con e-child\" data-id=\"34c21af\" data-element_type=\"container\" data-settings=\"{&quot;content_width&quot;:&quot;full&quot;}\">\n\t\t\t\t<\/div>\n\t\t<div class=\"elementor-element elementor-element-4821c3f e-con-full e-flex e-con e-child\" data-id=\"4821c3f\" data-element_type=\"container\" data-settings=\"{&quot;content_width&quot;:&quot;full&quot;}\">\n\t\t\t\t<div class=\"elementor-element elementor-element-8aa7ea3 elementor-widget elementor-widget-toggle\" data-id=\"8aa7ea3\" data-element_type=\"widget\" data-widget_type=\"toggle.default\">\n\t\t\t\t<div class=\"elementor-widget-container\">\n\t\t\t\t\t<div class=\"elementor-toggle\">\n\t\t\t\t\t\t\t<div class=\"elementor-toggle-item\">\n\t\t\t\t\t<div id=\"elementor-tab-title-1451\" class=\"elementor-tab-title\" data-tab=\"1\" role=\"button\" aria-controls=\"elementor-tab-content-1451\" aria-expanded=\"false\">\n\t\t\t\t\t\t\t\t\t\t\t\t<span class=\"elementor-toggle-icon elementor-toggle-icon-left\" aria-hidden=\"true\">\n\t\t\t\t\t\t\t\t\t\t\t\t\t\t\t<span class=\"elementor-toggle-icon-closed\"><i class=\"fas fa-caret-right\"><\/i><\/span>\n\t\t\t\t\t\t\t\t<span class=\"elementor-toggle-icon-opened\"><i class=\"elementor-toggle-icon-opened fas fa-caret-up\"><\/i><\/span>\n\t\t\t\t\t\t\t\t\t\t\t\t\t<\/span>\n\t\t\t\t\t\t\t\t\t\t\t\t<a class=\"elementor-toggle-title\" tabindex=\"0\">Service client personnalis\u00e9<\/a>\n\t\t\t\t\t<\/div>\n\n\t\t\t\t\t<div id=\"elementor-tab-content-1451\" class=\"elementor-tab-content elementor-clearfix\" data-tab=\"1\" role=\"region\" aria-labelledby=\"elementor-tab-title-1451\"><p><span style=\"color: rgb(25, 35, 47); font-family: Calibri; font-size: 21.3333px;\">Offrir&nbsp;<\/span><span style=\"color: rgb(25, 35, 47); font-family: Calibri; font-size: 21.3333px;\">un service client personnalis\u00e9 et de qualit\u00e9 sup\u00e9rieure peut constituer un&nbsp;<\/span><span style=\"color: rgb(25, 35, 47); font-family: Calibri; font-size: 21.3333px;\">avantage comp\u00e9titif important. En comprenant les besoins sp\u00e9cifiques de chaque&nbsp;<\/span><span style=\"color: rgb(25, 35, 47); font-family: Calibri; font-size: 21.3333px;\">entreprise cliente, en offrant des conseils et des solutions sur mesure, et en&nbsp;<\/span><span style=\"color: rgb(25, 35, 47); font-family: Calibri; font-size: 21.3333px;\">\u00e9tablissant des relations solides, un cabinet de recrutement peut se&nbsp;<\/span><span style=\"color: rgb(25, 35, 47); font-family: Calibri; font-size: 21.3333px;\">diff\u00e9rencier. Un service client attentif et r\u00e9actif peut \u00e9galement favoriser la&nbsp;<\/span><span style=\"color: rgb(25, 35, 47); font-family: Calibri; font-size: 21.3333px;\">fid\u00e9lisation des clients et g\u00e9n\u00e9rer des recommandations positives<\/span><\/p><\/div>\n\t\t\t\t<\/div>\n\t\t\t\t\t\t\t\t<\/div>\n\t\t\t\t<\/div>\n\t\t\t\t<\/div>\n\t\t\t\t<\/div>\n\t\t<div class=\"elementor-element elementor-element-5eba824 e-con-full e-flex e-con e-child\" data-id=\"5eba824\" data-element_type=\"container\" data-settings=\"{&quot;content_width&quot;:&quot;full&quot;}\">\n\t\t\t\t<div class=\"elementor-element elementor-element-f7496cd elementor-widget elementor-widget-toggle\" data-id=\"f7496cd\" data-element_type=\"widget\" data-widget_type=\"toggle.default\">\n\t\t\t\t<div class=\"elementor-widget-container\">\n\t\t\t\t\t<div class=\"elementor-toggle\">\n\t\t\t\t\t\t\t<div class=\"elementor-toggle-item\">\n\t\t\t\t\t<div id=\"elementor-tab-title-2591\" class=\"elementor-tab-title\" data-tab=\"1\" role=\"button\" aria-controls=\"elementor-tab-content-2591\" aria-expanded=\"false\">\n\t\t\t\t\t\t\t\t\t\t\t\t<span class=\"elementor-toggle-icon elementor-toggle-icon-left\" aria-hidden=\"true\">\n\t\t\t\t\t\t\t\t\t\t\t\t\t\t\t<span class=\"elementor-toggle-icon-closed\"><i class=\"fas fa-caret-right\"><\/i><\/span>\n\t\t\t\t\t\t\t\t<span class=\"elementor-toggle-icon-opened\"><i class=\"elementor-toggle-icon-opened fas fa-caret-up\"><\/i><\/span>\n\t\t\t\t\t\t\t\t\t\t\t\t\t<\/span>\n\t\t\t\t\t\t\t\t\t\t\t\t<a class=\"elementor-toggle-title\" tabindex=\"0\">Innovation technologique<\/a>\n\t\t\t\t\t<\/div>\n\n\t\t\t\t\t<div id=\"elementor-tab-content-2591\" class=\"elementor-tab-content elementor-clearfix\" data-tab=\"1\" role=\"region\" aria-labelledby=\"elementor-tab-title-2591\"><p><span style=\"color: rgb(25, 35, 47); font-family: Calibri; font-size: 21.3333px;\">L&rsquo;utilisation&nbsp;<\/span><span style=\"color: rgb(25, 35, 47); font-family: Calibri; font-size: 21.3333px;\">de technologies innovantes dans les processus de recrutement peut am\u00e9liorer&nbsp;<\/span><span style=\"color: rgb(25, 35, 47); font-family: Calibri; font-size: 21.3333px;\">l&rsquo;efficacit\u00e9 et la qualit\u00e9 du service. Par exemple, l&rsquo;utilisation de logiciels&nbsp;<\/span><span style=\"color: rgb(25, 35, 47); font-family: Calibri; font-size: 21.3333px;\">de suivi des candidats (ATS), d&rsquo;outils d&rsquo;analyse pr\u00e9dictive, de plateformes de&nbsp;<\/span><span style=\"color: rgb(25, 35, 47); font-family: Calibri; font-size: 21.3333px;\">recrutement en ligne avanc\u00e9es ou d&rsquo;intelligence artificielle peut permettre&nbsp;<\/span><span style=\"color: rgb(25, 35, 47); font-family: Calibri; font-size: 21.3333px;\">d&rsquo;optimiser le processus de recherche et de s\u00e9lection des talents. L&rsquo;adoption<\/span><br style=\"color: rgb(25, 35, 47); font-family: Calibri; font-size: 21.3333px;\"><span style=\"color: rgb(25, 35, 47); font-family: Calibri; font-size: 21.3333px;\">de solutions technologiques avanc\u00e9es peut aider un cabinet de recrutement \u00e0 se&nbsp;<\/span><span style=\"color: rgb(25, 35, 47); font-family: Calibri; font-size: 21.3333px;\">d\u00e9marquer de la concurrence et \u00e0 offrir une valeur ajout\u00e9e aux entreprises<\/span><br style=\"color: rgb(25, 35, 47); font-family: Calibri; font-size: 21.3333px;\"><span style=\"color: rgb(25, 35, 47); font-family: Calibri; font-size: 21.3333px;\">clientes<\/span><\/p><\/div>\n\t\t\t\t<\/div>\n\t\t\t\t\t\t\t\t<\/div>\n\t\t\t\t<\/div>\n\t\t\t\t<\/div>\n\t\t\t\t<\/div>\n\t\t<div class=\"elementor-element elementor-element-f9f20bd e-con-full e-flex e-con e-child\" data-id=\"f9f20bd\" data-element_type=\"container\" data-settings=\"{&quot;content_width&quot;:&quot;full&quot;}\">\n\t\t\t\t<\/div>\n\t\t\t\t\t<\/div>\n\t\t\t\t<\/div>\n\t\t\t\t\t\t\t<\/div>\n\t\t","protected":false},"excerpt":{"rendered":"<p>Les avantages de collaborer avec nous Expertise sectorielle Un cabinet de recrutement qui poss\u00e8de une expertise approfondie dans un secteur sp\u00e9cifique peut avoir un avantage concurrentiel. Une connaissance approfondie du secteur permet de comprendre les besoins sp\u00e9cifiques des entreprises clientes et de s\u00e9lectionner les meilleurs candidats qui correspondent aux exigences du poste. Cette expertise sectorielle [&hellip;]<\/p>\n","protected":false},"author":1,"featured_media":0,"parent":0,"menu_order":0,"comment_status":"closed","ping_status":"closed","template":"","meta":{"saved_in_kubio":false,"footnotes":""},"class_list":["post-954","page","type-page","status-publish","hentry"],"_links":{"self":[{"href":"http:\/\/imminence-rh.com\/index.php?rest_route=\/wp\/v2\/pages\/954","targetHints":{"allow":["GET"]}}],"collection":[{"href":"http:\/\/imminence-rh.com\/index.php?rest_route=\/wp\/v2\/pages"}],"about":[{"href":"http:\/\/imminence-rh.com\/index.php?rest_route=\/wp\/v2\/types\/page"}],"author":[{"embeddable":true,"href":"http:\/\/imminence-rh.com\/index.php?rest_route=\/wp\/v2\/users\/1"}],"replies":[{"embeddable":true,"href":"http:\/\/imminence-rh.com\/index.php?rest_route=%2Fwp%2Fv2%2Fcomments&post=954"}],"version-history":[{"count":5,"href":"http:\/\/imminence-rh.com\/index.php?rest_route=\/wp\/v2\/pages\/954\/revisions"}],"predecessor-version":[{"id":965,"href":"http:\/\/imminence-rh.com\/index.php?rest_route=\/wp\/v2\/pages\/954\/revisions\/965"}],"wp:attachment":[{"href":"http:\/\/imminence-rh.com\/index.php?rest_route=%2Fwp%2Fv2%2Fmedia&parent=954"}],"curies":[{"name":"wp","href":"https:\/\/api.w.org\/{rel}","templated":true}]}}